{"id":12650,"date":"2024-08-15T17:30:18","date_gmt":"2024-08-15T15:30:18","guid":{"rendered":"https:\/\/insajder.si\/free-consultation\/"},"modified":"2024-08-15T17:30:18","modified_gmt":"2024-08-15T15:30:18","slug":"free-consultation","status":"publish","type":"page","link":"https:\/\/insajder.si\/en\/free-consultation\/","title":{"rendered":"Free consultation"},"content":{"rendered":"\n\n  <div class=\"banner has-hover\" id=\"banner-1194674012\">\n          <div class=\"banner-inner fill\">\n        <div class=\"banner-bg fill\" >\n            <div class=\"bg fill bg-fill bg-loaded\"><\/div>\n                                    \n                    <\/div>\n\t\t\n        <div class=\"banner-layers container\">\n            <div class=\"fill banner-link\"><\/div>            \n\n   <div id=\"text-box-1324494735\" class=\"text-box banner-layer x50 md-x0 lg-x0 y95 md-y80 lg-y80 res-text\">\n                                <div class=\"text-box-content text dark\">\n              \n              <div class=\"text-inner text-left\">\n                  \n\n<h1>Free consultation<\/h1>\n\n              <\/div>\n           <\/div>\n                            \n<style>\n#text-box-1324494735 .text-inner {\n  padding: 0px 10px 0px 10px;\n}\n#text-box-1324494735 {\n  width: 100%;\n}\n#text-box-1324494735 .text-box-content {\n  font-size: 100%;\n}\n@media (min-width:550px) {\n  #text-box-1324494735 .text-inner {\n    padding: 0px 20px 0px 20px;\n  }\n  #text-box-1324494735 {\n    width: 60%;\n  }\n}\n<\/style>\n    <\/div>\n \n\n        <\/div>\n      <\/div>\n\n            \n<style>\n#banner-1194674012 {\n  padding-top: 200px;\n  background-color: rgba(255, 255, 255, 0);\n}\n#banner-1194674012 .bg.bg-loaded {\n  background-image: url(https:\/\/insajder.si\/wp-content\/uploads\/2024\/05\/Container-photo-7.jpg);\n}\n#banner-1194674012 .bg {\n  background-position: 60% 50%;\n}\n@media (min-width:550px) {\n  #banner-1194674012 {\n    padding-top: 300px;\n  }\n}\n<\/style>\n  <\/div>\n\n\n\t<section class=\"section section-dark\" id=\"section_1782752746\">\n\t\t<div class=\"bg section-bg fill bg-fill bg-loaded bg-loaded\" >\n\n\t\t\t\n\t\t\t\n\t\t\t\n\n\t\t<\/div>\n\n\t\t\n\n\t\t<div class=\"section-content relative\">\n\t\t\t\n\n<div class=\"row\"  id=\"row-863748773\">\n\n\n\t<div id=\"col-404522881\" class=\"col medium-6 small-12 large-6\"  >\n\t\t\t\t<div class=\"col-inner\"  >\n\t\t\t\n\t\t\t\n\n<h5>FINANCIAL ADVISORY<\/h5>\n<h2>Free 30-minute consultation<\/h2>\n<p>\ud83d\udd51 30 min<\/p>\n<p>\ud83c\udfa5 Free consultation via ZOOM<\/p>\n<p>Take advantage of a free 30-minute video call to discuss your current financial situation, goals, and future aspirations. At the end of the consultation, we will present investment solutions and strategies personalized to your interests, while you also gain insight into our approach and the possibility of an in-person meeting (in Ljubljana).<\/p>\n<p>To ensure an effective consultation, please fill out the attached form.<\/p>\n\n\t\t<\/div>\n\t\t\t\t\n<style>\n#col-404522881 > .col-inner {\n  padding: 0px 0px 0px 0px;\n}\n@media (min-width:550px) {\n  #col-404522881 > .col-inner {\n    padding: 0px 5% 0px 0px;\n  }\n}\n<\/style>\n\t<\/div>\n\n\t\n\n\t<div id=\"col-462556022\" class=\"col medium-6 small-12 large-6\"  >\n\t\t\t\t<div class=\"col-inner\"  >\n\t\t\t\n\t\t\t\n\n\n<div class=\"wpcf7 no-js\" id=\"wpcf7-f10302-o1\" lang=\"sl-SI\" dir=\"ltr\" data-wpcf7-id=\"10302\">\n<div class=\"screen-reader-response\"><p role=\"status\" aria-live=\"polite\" aria-atomic=\"true\"><\/p> <ul><\/ul><\/div>\n<form action=\"\/en\/wp-json\/wp\/v2\/pages\/12650#wpcf7-f10302-o1\" method=\"post\" class=\"wpcf7-form init cf7mls-no-scroll cf7mls-auto-return-first-step cf7mls-no-moving-animation\" aria-label=\"Kontaktni obrazec\" novalidate=\"novalidate\" data-status=\"init\">\n<fieldset class=\"hidden-fields-container\"><input type=\"hidden\" name=\"_wpcf7\" value=\"10302\" \/><input type=\"hidden\" name=\"_wpcf7_version\" value=\"6.1.5\" \/><input type=\"hidden\" name=\"_wpcf7_locale\" value=\"sl_SI\" \/><input type=\"hidden\" name=\"_wpcf7_unit_tag\" value=\"wpcf7-f10302-o1\" \/><input type=\"hidden\" name=\"_wpcf7_container_post\" value=\"0\" \/><input type=\"hidden\" name=\"_wpcf7_posted_data_hash\" value=\"\" \/>\n<\/fieldset>\n<div class=\"fieldset-cf7mls-wrapper\" data-transition-effects><fieldset class=\"fieldset-cf7mls cf7mls_current_fs\"><p>Ime *<br \/>\n<span class=\"wpcf7-form-control-wrap\" data-name=\"firstname\"><input size=\"40\" maxlength=\"400\" class=\"wpcf7-form-control wpcf7-text wpcf7-validates-as-required\" autocomplete=\"given-name\" aria-required=\"true\" aria-invalid=\"false\" value=\"\" type=\"text\" name=\"firstname\" \/><\/span>\n<\/p>\n<p>Priimek *<br \/>\n<span class=\"wpcf7-form-control-wrap\" data-name=\"lastname\"><input size=\"40\" maxlength=\"400\" class=\"wpcf7-form-control wpcf7-text wpcf7-validates-as-required\" autocomplete=\"family-name\" aria-required=\"true\" aria-invalid=\"false\" value=\"\" type=\"text\" name=\"lastname\" \/><\/span>\n<\/p>\n<p>E-po\u0161ta *<br \/>\n<span class=\"wpcf7-form-control-wrap\" data-name=\"email\"><input size=\"40\" maxlength=\"400\" class=\"wpcf7-form-control wpcf7-email wpcf7-validates-as-required wpcf7-text wpcf7-validates-as-email\" autocomplete=\"email\" aria-required=\"true\" aria-invalid=\"false\" value=\"\" type=\"email\" name=\"email\" \/><\/span>\n<\/p>\n<p>Telefonska \u0161tevilka *\n<\/p>\n<p><span class=\"wpcf7-form-control-wrap\" data-name=\"tel-658\"><input size=\"40\" maxlength=\"400\" class=\"wpcf7-form-control wpcf7-tel wpcf7-validates-as-required wpcf7-text wpcf7-validates-as-tel\" aria-required=\"true\" aria-invalid=\"false\" value=\"\" type=\"tel\" name=\"tel-658\" \/><\/span><div class=\"cf7mls-btns \"><button type=\"button\" class=\"cf7mls_next cf7mls_btn action-button\" name=\"cf7mls_next\" id=\"cf7mls-next-btn-cf7mls_step-1\" style=\" \">Naprej<img decoding=\"async\" src=\"https:\/\/insajder.si\/wp-content\/plugins\/cf7-multi-step\/assets\/frontend\/img\/loader.svg\" alt=\"Step Loading\" data-lazy-src=\"https:\/\/insajder.si\/wp-content\/plugins\/cf7-multi-step\/assets\/frontend\/img\/loader.svg\" style=\"display: none;\" \/><\/button><\/div><p><\/p><\/fieldset><fieldset class=\"fieldset-cf7mls\">\n<\/p>\n<p>Trenutni enkratni znesek za investiranje *:<br \/>\n<span class=\"wpcf7-form-control-wrap\" data-name=\"text-773\"><input size=\"40\" maxlength=\"400\" class=\"wpcf7-form-control wpcf7-text wpcf7-validates-as-required\" aria-required=\"true\" aria-invalid=\"false\" value=\"\" type=\"text\" name=\"text-773\" \/><\/span>\n<\/p>\n<p>Mese\u010dni znesek na voljo za investiranje *:<br \/>\n<span class=\"wpcf7-form-control-wrap\" data-name=\"text-774\"><input size=\"40\" maxlength=\"400\" class=\"wpcf7-form-control wpcf7-text wpcf7-validates-as-required\" aria-required=\"true\" aria-invalid=\"false\" value=\"\" type=\"text\" name=\"text-774\" \/><\/span>\n<\/p>\n<p>Obdobje investiranja (priporo\u010dilo je min. 5 let) *:<br \/>\n<span class=\"wpcf7-form-control-wrap\" data-name=\"text-775\"><input size=\"40\" maxlength=\"400\" class=\"wpcf7-form-control wpcf7-text wpcf7-validates-as-required\" aria-required=\"true\" aria-invalid=\"false\" value=\"\" type=\"text\" name=\"text-775\" \/><\/span>\n<\/p>\n<p>Finan\u010dni cilj, \u017eelja *:<br \/>\n<span class=\"wpcf7-form-control-wrap\" data-name=\"text-776\"><input size=\"40\" maxlength=\"400\" class=\"wpcf7-form-control wpcf7-text wpcf7-validates-as-required\" aria-required=\"true\" aria-invalid=\"false\" value=\"\" type=\"text\" name=\"text-776\" \/><\/span>\n<\/p>\n<p>Zanimam se za investiranje v *: (mo\u017enost izbire vsega)<br \/>\n<span class=\"wpcf7-form-control-wrap\" data-name=\"checkbox-707\"><span class=\"wpcf7-form-control wpcf7-checkbox wpcf7-validates-as-required\"><span class=\"wpcf7-list-item first\"><label><input type=\"checkbox\" name=\"checkbox-707[]\" value=\"plemenite kovine\" \/><span class=\"wpcf7-list-item-label\">plemenite kovine<\/span><\/label><\/span><span class=\"wpcf7-list-item\"><label><input type=\"checkbox\" name=\"checkbox-707[]\" value=\"odprtje borznega ra\u010duna in investiranje na generalne delni\u0161ke trge\" \/><span class=\"wpcf7-list-item-label\">odprtje borznega ra\u010duna in investiranje na generalne delni\u0161ke trge<\/span><\/label><\/span><span class=\"wpcf7-list-item\"><label><input type=\"checkbox\" name=\"checkbox-707[]\" value=\"aktivno upravljanje premo\u017eenja preko osebnega borznega ra\u010duna\" \/><span class=\"wpcf7-list-item-label\">aktivno upravljanje premo\u017eenja preko osebnega borznega ra\u010duna<\/span><\/label><\/span><span class=\"wpcf7-list-item last\"><label><input type=\"checkbox\" name=\"checkbox-707[]\" value=\"kripto valute\" \/><span class=\"wpcf7-list-item-label\">kripto valute<\/span><\/label><\/span><\/span><\/span>\n<\/p>\n<p>Kak\u0161en tip vlagatelja ste? *<br \/>\n<span class=\"wpcf7-form-control-wrap\" data-name=\"checkbox-708\"><span class=\"wpcf7-form-control wpcf7-checkbox wpcf7-validates-as-required\"><span class=\"wpcf7-list-item first\"><label><input type=\"checkbox\" name=\"checkbox-708[]\" value=\"KONZERVATIVNI VLAGATELJ: ne morem si privo\u0161\u010diti velikega nihanja in izgube mojih sredstev, \u017eelim si za\u0161\u010dito realne vrednosti svojega premo\u017eenja\" \/><span class=\"wpcf7-list-item-label\">KONZERVATIVNI VLAGATELJ: ne morem si privo\u0161\u010diti velikega nihanja in izgube mojih sredstev, \u017eelim si za\u0161\u010dito realne vrednosti svojega premo\u017eenja<\/span><\/label><\/span><span class=\"wpcf7-list-item\"><label><input type=\"checkbox\" name=\"checkbox-708[]\" value=\"DINAMI\u010cNI VLAGATELJ: pripravljen sem na srednja tveganja z manj\u0161imi nihanji\" \/><span class=\"wpcf7-list-item-label\">DINAMI\u010cNI VLAGATELJ: pripravljen sem na srednja tveganja z manj\u0161imi nihanji<\/span><\/label><\/span><span class=\"wpcf7-list-item last\"><label><input type=\"checkbox\" name=\"checkbox-708[]\" value=\"\u0160PEKULATIVNI VLAGATELJ: z mojimi sredstvi si lahko privo\u0161\u010dim ve\u010dja nihanja in potencialno delno izgubo vlo\u017eenega premo\u017eenja\" \/><span class=\"wpcf7-list-item-label\">\u0160PEKULATIVNI VLAGATELJ: z mojimi sredstvi si lahko privo\u0161\u010dim ve\u010dja nihanja in potencialno delno izgubo vlo\u017eenega premo\u017eenja<\/span><\/label><\/span><\/span><\/span>\n<\/p>\n<p>Poleg investicij bi potreboval svetovanje tudi na podro\u010dju*:<br \/>\n<span class=\"wpcf7-form-control-wrap\" data-name=\"checkbox-709\"><span class=\"wpcf7-form-control wpcf7-checkbox wpcf7-validates-as-required\"><span class=\"wpcf7-list-item first\"><label><input type=\"checkbox\" name=\"checkbox-709[]\" value=\"osebnih zavarovanj\" \/><span class=\"wpcf7-list-item-label\">osebnih zavarovanj<\/span><\/label><\/span><span class=\"wpcf7-list-item\"><label><input type=\"checkbox\" name=\"checkbox-709[]\" value=\"kredita\" \/><span class=\"wpcf7-list-item-label\">kredita<\/span><\/label><\/span><span class=\"wpcf7-list-item last\"><label><input type=\"checkbox\" name=\"checkbox-709[]\" value=\"nalo\u017ebene nepremi\u010dnine\" \/><span class=\"wpcf7-list-item-label\">nalo\u017ebene nepremi\u010dnine<\/span><\/label><\/span><\/span><\/span>\n<\/p>\n<p><div class=\"cf7mls-btns \"><button type=\"button\" class=\"cf7mls_back action-button\" name=\"cf7mls_back\" id=\"cf7mls-back-btn-cf7mls_step-2\" style=\" \">Nazaj<\/button><button type=\"button\" class=\"cf7mls_next cf7mls_btn action-button\" name=\"cf7mls_next\" id=\"cf7mls-next-btn-cf7mls_step-2\" style=\" \">Naprej<img decoding=\"async\" src=\"https:\/\/insajder.si\/wp-content\/plugins\/cf7-multi-step\/assets\/frontend\/img\/loader.svg\" alt=\"Step Loading\" data-lazy-src=\"https:\/\/insajder.si\/wp-content\/plugins\/cf7-multi-step\/assets\/frontend\/img\/loader.svg\" style=\"display: none;\" \/><\/button><\/div><p><\/p><\/fieldset><fieldset class=\"fieldset-cf7mls\">\n<\/p>\n<p>Va\u0161e sporo\u010dilo\/komentar (neobvezno polje):<br \/>\n<span class=\"wpcf7-form-control-wrap\" data-name=\"textarea-867\"><textarea cols=\"40\" rows=\"10\" maxlength=\"2000\" class=\"wpcf7-form-control wpcf7-textarea\" aria-invalid=\"false\" name=\"textarea-867\"><\/textarea><\/span>\n<\/p>\n<p>Brezpla\u010dni posvet preko zoom povezave vam bolj odgovarja v*:<br \/>\n<span class=\"wpcf7-form-control-wrap\" data-name=\"radio-951\"><span class=\"wpcf7-form-control wpcf7-radio\"><span class=\"wpcf7-list-item first\"><label><input type=\"radio\" name=\"radio-951\" value=\"dopoldanskem \u010dasu\" checked=\"checked\" \/><span class=\"wpcf7-list-item-label\">dopoldanskem \u010dasu<\/span><\/label><\/span><span class=\"wpcf7-list-item last\"><label><input type=\"radio\" name=\"radio-951\" value=\"popoldanskem \u010dasu\" \/><span class=\"wpcf7-list-item-label\">popoldanskem \u010dasu<\/span><\/label><\/span><\/span><\/span>\n<\/p>\n<p><span class=\"wpcf7-form-control-wrap\" data-name=\"acceptance-126\"><span class=\"wpcf7-form-control wpcf7-acceptance\"><span class=\"wpcf7-list-item\"><label><input type=\"checkbox\" name=\"acceptance-126\" value=\"1\" aria-invalid=\"false\" \/><span class=\"wpcf7-list-item-label\">Strinjam se, da to spletno mesto hrani moje osebne podatke v skladu s Politiko zasebnosti.<\/span><\/label><\/span><\/span><\/span>\n<\/p>\n<p><input class=\"wpcf7-form-control wpcf7-submit has-spinner\" type=\"submit\" value=\"Po\u0161lji\" \/><div class=\"cf7mls-btns cf7mls-btns-last-step\"><button type=\"button\" class=\"cf7mls_back action-button\" name=\"cf7mls_back\" id=\"cf7mls-back-btn-cf7mls_step-3\" style=\" \">Nazaj<\/button><button type=\"button\" style=\"display: none;\" class=\"cf7mls_next cf7mls_btn action-button\" name=\"cf7mls_next\" id=\"cf7mls-next-btn-cf7mls_step-3\" style=\" \"><img decoding=\"async\" src=\"https:\/\/insajder.si\/wp-content\/plugins\/cf7-multi-step\/assets\/frontend\/img\/loader.svg\" alt=\"Step Loading\" data-lazy-src=\"https:\/\/insajder.si\/wp-content\/plugins\/cf7-multi-step\/assets\/frontend\/img\/loader.svg\" style=\"display: none;\" \/><\/button>\n<\/p><\/fieldset><\/div><div class=\"wpcf7-response-output\" aria-hidden=\"true\"><\/div>\n<\/form>\n<\/div>\n\n\n\n\t\t<\/div>\n\t\t\t\t\t<\/div>\n\n\t\n\n<\/div>\n\n\t\t<\/div>\n\n\t\t\n<style>\n#section_1782752746 {\n  padding-top: 60px;\n  padding-bottom: 60px;\n}\n<\/style>\n\t<\/section>\n\t\n\n","protected":false},"excerpt":{"rendered":"","protected":false},"author":1,"featured_media":0,"parent":0,"menu_order":0,"comment_status":"closed","ping_status":"closed","template":"page-transparent-header-light.php","meta":{"footnotes":""},"class_list":["post-12650","page","type-page","status-publish","hentry"],"yoast_head":"<!-- This site is optimized with the Yoast SEO Premium plugin v26.2 (Yoast SEO v27.2) - https:\/\/yoast.com\/product\/yoast-seo-premium-wordpress\/ -->\n<title>Free consultation - Insajder<\/title>\n<meta name=\"robots\" content=\"index, follow, max-snippet:-1, max-image-preview:large, max-video-preview:-1\" \/>\n<link rel=\"canonical\" href=\"https:\/\/insajder.si\/free-consultation\/\" \/>\n<meta property=\"og:locale\" content=\"en_US\" \/>\n<meta property=\"og:type\" content=\"article\" \/>\n<meta property=\"og:title\" content=\"Free consultation\" \/>\n<meta property=\"og:url\" content=\"https:\/\/insajder.si\/free-consultation\/\" \/>\n<meta property=\"og:site_name\" content=\"Insajder\" \/>\n<meta property=\"article:publisher\" content=\"https:\/\/www.facebook.com\/insajder\" \/>\n<meta property=\"og:image\" content=\"https:\/\/insajder.si\/wp-content\/uploads\/2024\/06\/Insajder-featured.jpg\" \/>\n\t<meta property=\"og:image:width\" content=\"1920\" \/>\n\t<meta property=\"og:image:height\" content=\"1080\" \/>\n\t<meta property=\"og:image:type\" content=\"image\/jpeg\" \/>\n<meta name=\"twitter:card\" content=\"summary_large_image\" \/>\n<meta name=\"twitter:site\" content=\"@EkipaInsajder\" \/>\n<meta name=\"twitter:label1\" content=\"Est. reading time\" \/>\n\t<meta name=\"twitter:data1\" content=\"1 minute\" \/>\n<script type=\"application\/ld+json\" class=\"yoast-schema-graph\">{\"@context\":\"https:\/\/schema.org\",\"@graph\":[{\"@type\":\"WebPage\",\"@id\":\"https:\/\/insajder.si\/free-consultation\/\",\"url\":\"https:\/\/insajder.si\/free-consultation\/\",\"name\":\"Free consultation - Insajder\",\"isPartOf\":{\"@id\":\"https:\/\/insajder.si\/#website\"},\"datePublished\":\"2024-08-15T15:30:18+00:00\",\"breadcrumb\":{\"@id\":\"https:\/\/insajder.si\/free-consultation\/#breadcrumb\"},\"inLanguage\":\"en-US\",\"potentialAction\":[{\"@type\":\"ReadAction\",\"target\":[\"https:\/\/insajder.si\/free-consultation\/\"]}]},{\"@type\":\"BreadcrumbList\",\"@id\":\"https:\/\/insajder.si\/free-consultation\/#breadcrumb\",\"itemListElement\":[{\"@type\":\"ListItem\",\"position\":1,\"name\":\"Home\",\"item\":\"https:\/\/insajder.si\/en\/\"},{\"@type\":\"ListItem\",\"position\":2,\"name\":\"Free consultation\"}]},{\"@type\":\"WebSite\",\"@id\":\"https:\/\/insajder.si\/#website\",\"url\":\"https:\/\/insajder.si\/\",\"name\":\"Insajder\",\"description\":\"Upravljanje premo\u017eenja\",\"publisher\":{\"@id\":\"https:\/\/insajder.si\/#organization\"},\"potentialAction\":[{\"@type\":\"SearchAction\",\"target\":{\"@type\":\"EntryPoint\",\"urlTemplate\":\"https:\/\/insajder.si\/?s={search_term_string}\"},\"query-input\":{\"@type\":\"PropertyValueSpecification\",\"valueRequired\":true,\"valueName\":\"search_term_string\"}}],\"inLanguage\":\"en-US\"},{\"@type\":\"Organization\",\"@id\":\"https:\/\/insajder.si\/#organization\",\"name\":\"Insajder\",\"url\":\"https:\/\/insajder.si\/\",\"logo\":{\"@type\":\"ImageObject\",\"inLanguage\":\"en-US\",\"@id\":\"https:\/\/insajder.si\/#\/schema\/logo\/image\/\",\"url\":\"https:\/\/insajder.si\/wp-content\/uploads\/2024\/06\/Insajder-featured.jpg\",\"contentUrl\":\"https:\/\/insajder.si\/wp-content\/uploads\/2024\/06\/Insajder-featured.jpg\",\"width\":1920,\"height\":1080,\"caption\":\"Insajder\"},\"image\":{\"@id\":\"https:\/\/insajder.si\/#\/schema\/logo\/image\/\"},\"sameAs\":[\"https:\/\/www.facebook.com\/insajder\",\"https:\/\/x.com\/EkipaInsajder\"]}]}<\/script>\n<!-- \/ Yoast SEO Premium plugin. -->","yoast_head_json":{"title":"Free consultation - Insajder","robots":{"index":"index","follow":"follow","max-snippet":"max-snippet:-1","max-image-preview":"max-image-preview:large","max-video-preview":"max-video-preview:-1"},"canonical":"https:\/\/insajder.si\/free-consultation\/","og_locale":"en_US","og_type":"article","og_title":"Free consultation","og_url":"https:\/\/insajder.si\/free-consultation\/","og_site_name":"Insajder","article_publisher":"https:\/\/www.facebook.com\/insajder","og_image":[{"width":1920,"height":1080,"url":"https:\/\/insajder.si\/wp-content\/uploads\/2024\/06\/Insajder-featured.jpg","type":"image\/jpeg"}],"twitter_card":"summary_large_image","twitter_site":"@EkipaInsajder","twitter_misc":{"Est. reading time":"1 minute"},"schema":{"@context":"https:\/\/schema.org","@graph":[{"@type":"WebPage","@id":"https:\/\/insajder.si\/free-consultation\/","url":"https:\/\/insajder.si\/free-consultation\/","name":"Free consultation - Insajder","isPartOf":{"@id":"https:\/\/insajder.si\/#website"},"datePublished":"2024-08-15T15:30:18+00:00","breadcrumb":{"@id":"https:\/\/insajder.si\/free-consultation\/#breadcrumb"},"inLanguage":"en-US","potentialAction":[{"@type":"ReadAction","target":["https:\/\/insajder.si\/free-consultation\/"]}]},{"@type":"BreadcrumbList","@id":"https:\/\/insajder.si\/free-consultation\/#breadcrumb","itemListElement":[{"@type":"ListItem","position":1,"name":"Home","item":"https:\/\/insajder.si\/en\/"},{"@type":"ListItem","position":2,"name":"Free consultation"}]},{"@type":"WebSite","@id":"https:\/\/insajder.si\/#website","url":"https:\/\/insajder.si\/","name":"Insajder","description":"Upravljanje premo\u017eenja","publisher":{"@id":"https:\/\/insajder.si\/#organization"},"potentialAction":[{"@type":"SearchAction","target":{"@type":"EntryPoint","urlTemplate":"https:\/\/insajder.si\/?s={search_term_string}"},"query-input":{"@type":"PropertyValueSpecification","valueRequired":true,"valueName":"search_term_string"}}],"inLanguage":"en-US"},{"@type":"Organization","@id":"https:\/\/insajder.si\/#organization","name":"Insajder","url":"https:\/\/insajder.si\/","logo":{"@type":"ImageObject","inLanguage":"en-US","@id":"https:\/\/insajder.si\/#\/schema\/logo\/image\/","url":"https:\/\/insajder.si\/wp-content\/uploads\/2024\/06\/Insajder-featured.jpg","contentUrl":"https:\/\/insajder.si\/wp-content\/uploads\/2024\/06\/Insajder-featured.jpg","width":1920,"height":1080,"caption":"Insajder"},"image":{"@id":"https:\/\/insajder.si\/#\/schema\/logo\/image\/"},"sameAs":["https:\/\/www.facebook.com\/insajder","https:\/\/x.com\/EkipaInsajder"]}]}},"_links":{"self":[{"href":"https:\/\/insajder.si\/en\/wp-json\/wp\/v2\/pages\/12650","targetHints":{"allow":["GET"]}}],"collection":[{"href":"https:\/\/insajder.si\/en\/wp-json\/wp\/v2\/pages"}],"about":[{"href":"https:\/\/insajder.si\/en\/wp-json\/wp\/v2\/types\/page"}],"author":[{"embeddable":true,"href":"https:\/\/insajder.si\/en\/wp-json\/wp\/v2\/users\/1"}],"replies":[{"embeddable":true,"href":"https:\/\/insajder.si\/en\/wp-json\/wp\/v2\/comments?post=12650"}],"version-history":[{"count":0,"href":"https:\/\/insajder.si\/en\/wp-json\/wp\/v2\/pages\/12650\/revisions"}],"wp:attachment":[{"href":"https:\/\/insajder.si\/en\/wp-json\/wp\/v2\/media?parent=12650"}],"curies":[{"name":"wp","href":"https:\/\/api.w.org\/{rel}","templated":true}]}}